{"id":10418,"date":"2025-10-14T13:52:27","date_gmt":"2025-10-14T13:52:27","guid":{"rendered":"https:\/\/clustag.com\/folleto-de-as-rs\/"},"modified":"2026-01-02T09:55:52","modified_gmt":"2026-01-02T09:55:52","slug":"dosier-as-rs","status":"publish","type":"page","link":"https:\/\/clustag.com\/es\/dosier-as-rs\/","title":{"rendered":"Dosier de AS\/RS"},"content":{"rendered":"\n<div class=\"wp-block-columns is-layout-flex wp-container-core-columns-is-layout-28f84493 wp-block-columns-is-layout-flex\">\n<div class=\"wp-block-column is-layout-flow wp-block-column-is-layout-flow\">\n<div style=\"height:129px\" aria-hidden=\"true\" class=\"wp-block-spacer\"><\/div>\n<\/div>\n<\/div>\n\n\n\n<div class=\"wp-block-columns is-layout-flex wp-container-core-columns-is-layout-511ff824 wp-block-columns-is-layout-flex\" style=\"margin-top:0;margin-bottom:0;padding-top:var(--wp--preset--spacing--30);padding-right:var(--wp--preset--spacing--80);padding-bottom:var(--wp--preset--spacing--30);padding-left:var(--wp--preset--spacing--80)\">\n<div class=\"wp-block-column is-layout-flow wp-block-column-is-layout-flow\"><div  class=\"wp-block-ultimate-post-heading ultp-block-957f76\"><div class=\"ultp-block-wrapper\"><div class=\"ultp-heading-wrap ultp-heading-style1 ultp-heading-left\"><h2 class=\"ultp-heading-inner\"><span>Descarga el dosier de AS\/RS<\/span><\/h2><\/div><\/div><\/div><\/div>\n\n\n\n<div class=\"wp-block-column is-layout-flow wp-block-column-is-layout-flow\"><\/div>\n<\/div>\n\n\n\n<div class=\"wp-block-columns col-custom-mobile is-layout-flex wp-container-core-columns-is-layout-670f90a8 wp-block-columns-is-layout-flex\" style=\"margin-top:0;margin-bottom:0;padding-right:var(--wp--preset--spacing--80);padding-left:var(--wp--preset--spacing--80)\">\n<div class=\"wp-block-column is-layout-flow wp-block-column-is-layout-flow\">\n<div class=\"wpcf7 no-js\" id=\"wpcf7-f8180-o1\" lang=\"en-US\" dir=\"ltr\" data-wpcf7-id=\"8180\">\n<div class=\"screen-reader-response\"><p role=\"status\" aria-live=\"polite\" aria-atomic=\"true\"><\/p> <ul><\/ul><\/div>\n<form action=\"\/es\/wp-json\/wp\/v2\/pages\/10418#wpcf7-f8180-o1\" method=\"post\" class=\"wpcf7-form init\" aria-label=\"Contact form\" novalidate=\"novalidate\" data-status=\"init\">\n<fieldset class=\"hidden-fields-container\"><input type=\"hidden\" name=\"_wpcf7\" value=\"8180\" \/><input type=\"hidden\" name=\"_wpcf7_version\" value=\"6.1.5\" \/><input type=\"hidden\" name=\"_wpcf7_locale\" value=\"en_US\" \/><input type=\"hidden\" name=\"_wpcf7_unit_tag\" value=\"wpcf7-f8180-o1\" \/><input type=\"hidden\" name=\"_wpcf7_container_post\" value=\"0\" \/><input type=\"hidden\" name=\"_wpcf7_posted_data_hash\" value=\"\" \/><input type=\"hidden\" name=\"_wpcf7_recaptcha_response\" value=\"\" \/>\n<\/fieldset>\n<div class=\"formulari-brochure\">\n\t<p><label> NAME <span style=\"color:#4860FD\">*<\/span><br \/>\n<span class=\"wpcf7-form-control-wrap\" data-name=\"your-name\"><input size=\"40\" maxlength=\"400\" class=\"wpcf7-form-control wpcf7-text wpcf7-validates-as-required\" autocomplete=\"name\" aria-required=\"true\" aria-invalid=\"false\" value=\"\" type=\"text\" name=\"your-name\" \/><\/span> <\/label>\n\t<\/p>\n\t<p><label> EMAIL <span style=\"color:#4860FD\">*<\/span><br \/>\n<span class=\"wpcf7-form-control-wrap\" data-name=\"your-email\"><input size=\"40\" maxlength=\"400\" class=\"wpcf7-form-control wpcf7-email wpcf7-validates-as-required wpcf7-text wpcf7-validates-as-email\" autocomplete=\"email\" aria-required=\"true\" aria-invalid=\"false\" value=\"\" type=\"email\" name=\"your-email\" \/><\/span> <\/label>\n\t<\/p>\n\t<p><label> COMPANY<br \/>\n<span class=\"wpcf7-form-control-wrap\" data-name=\"your-company\"><input size=\"40\" maxlength=\"400\" class=\"wpcf7-form-control wpcf7-text\" aria-invalid=\"false\" value=\"\" type=\"text\" name=\"your-company\" \/><\/span> <\/label>\n\t<\/p>\n\t<p><label> JOB TITLE<br \/>\n<span class=\"wpcf7-form-control-wrap\" data-name=\"job-title\"><input size=\"40\" maxlength=\"400\" class=\"wpcf7-form-control wpcf7-text\" aria-invalid=\"false\" value=\"\" type=\"text\" name=\"job-title\" \/><\/span> <\/label>\n\t<\/p>\n\t<p><label> MESSAGE<br \/>\n<span class=\"wpcf7-form-control-wrap\" data-name=\"your-message\"><textarea cols=\"40\" rows=\"10\" maxlength=\"2000\" class=\"wpcf7-form-control wpcf7-textarea\" aria-invalid=\"false\" name=\"your-message\"><\/textarea><\/span> <\/label>\n\t<\/p>\n\t<p><span class=\"wpcf7-form-control-wrap\" data-name=\"acceptance-192\"><span class=\"wpcf7-form-control wpcf7-acceptance\"><span class=\"wpcf7-list-item\"><label><input type=\"checkbox\" name=\"acceptance-192\" value=\"1\" aria-invalid=\"false\" \/><span class=\"wpcf7-list-item-label\">I accept the Privacy Policy<\/span><\/label><\/span><\/span><\/span><br \/>\n<span class=\"wpcf7-form-control-wrap\" data-name=\"acceptance-709\"><span class=\"wpcf7-form-control wpcf7-acceptance optional\"><span class=\"wpcf7-list-item\"><label><input type=\"checkbox\" name=\"acceptance-709\" value=\"1\" aria-invalid=\"false\" \/><span class=\"wpcf7-list-item-label\">I accept the processing of my data for the purpose of sending products or services communications<\/span><\/label><\/span><\/span><\/span><br \/>\n<span class=\"enviar-boton\"><input class=\"wpcf7-form-control wpcf7-submit has-spinner\" type=\"submit\" value=\"Download Brochure\" \/><\/span>\n\t<\/p>\n<\/div><input type='hidden' class='wpcf7-pum' value='{\"closepopup\":false,\"closedelay\":0,\"openpopup\":false,\"openpopup_id\":0}' \/><div class=\"wpcf7-response-output\" aria-hidden=\"true\"><\/div>\n<\/form>\n<\/div>\n\n\n\n\n<div class=\"wp-block-group is-nowrap is-layout-flex wp-container-core-group-is-layout-6c531013 wp-block-group-is-layout-flex\"><\/div>\n<\/div>\n\n\n\n<div class=\"wp-block-column is-layout-flow wp-block-column-is-layout-flow\">\n<figure class=\"wp-block-image size-full has-custom-border is-style-default\" style=\"margin-right:var(--wp--preset--spacing--40);margin-bottom:0;margin-left:var(--wp--preset--spacing--40)\"><img decoding=\"async\" width=\"960\" height=\"720\" src=\"https:\/\/clustag.com\/wp-content\/uploads\/PORTADA-DOWNLOAD.png\" alt=\"\" class=\"wp-image-8353\" style=\"border-style:none;border-width:0px;border-radius:26px;aspect-ratio:4\/3;object-fit:cover\" srcset=\"https:\/\/clustag.com\/wp-content\/uploads\/PORTADA-DOWNLOAD.png 960w, https:\/\/clustag.com\/wp-content\/uploads\/PORTADA-DOWNLOAD-300x225.png 300w, https:\/\/clustag.com\/wp-content\/uploads\/PORTADA-DOWNLOAD-768x576.png 768w\" sizes=\"(max-width: 960px) 100vw, 960px\" \/><\/figure>\n\n\n\n<p class=\"is-style-text-subtitle texto-img-us has-large-font-size is-style-text-subtitle--1\" style=\"padding-top:var(--wp--preset--spacing--30);padding-right:var(--wp--preset--spacing--50);padding-bottom:var(--wp--preset--spacing--30);padding-left:var(--wp--preset--spacing--50)\"><strong>Descubre c\u00f3mo las soluciones de Clustag pueden maximizar la eficiencia y el control en tus operaciones AS\/RS, con procesos automatizados y confiables de conteo c\u00edclico y picking mediante RFID. <\/strong><\/p>\n<\/div>\n<\/div>\n","protected":false},"excerpt":{"rendered":"<p>Descubre c\u00f3mo las soluciones de Clustag pueden maximizar la eficiencia y el control en tus operaciones AS\/RS, con procesos automatizados y confiables de conteo c\u00edclico y picking mediante RFID.<\/p>\n","protected":false},"author":4,"featured_media":0,"parent":0,"menu_order":0,"comment_status":"closed","ping_status":"closed","template":"","meta":{"_acf_changed":false,"footnotes":""},"class_list":["post-10418","page","type-page","status-publish","hentry"],"acf":[],"yoast_head":"<!-- This site is optimized with the Yoast SEO plugin v27.3 - https:\/\/yoast.com\/product\/yoast-seo-wordpress\/ -->\n<title>Dosier AS\/ RS - Clustag<\/title>\n<meta name=\"description\" content=\"Descarga el folleto de AS\/RS de Clustag y descubre c\u00f3mo la tecnolog\u00eda RFID mejora la automatizaci\u00f3n del almac\u00e9n, la eficiencia y la precisi\u00f3n del inventario.\" \/>\n<meta name=\"robots\" content=\"index, follow, max-snippet:-1, max-image-preview:large, max-video-preview:-1\" \/>\n<link rel=\"canonical\" href=\"https:\/\/clustag.com\/es\/dosier-as-rs\/\" \/>\n<meta property=\"og:locale\" content=\"es_ES\" \/>\n<meta property=\"og:type\" content=\"article\" \/>\n<meta property=\"og:title\" content=\"Dosier AS\/ RS - Clustag\" \/>\n<meta property=\"og:description\" content=\"Descarga el folleto de AS\/RS de Clustag y descubre c\u00f3mo la tecnolog\u00eda RFID mejora la automatizaci\u00f3n del almac\u00e9n, la eficiencia y la precisi\u00f3n del inventario.\" \/>\n<meta property=\"og:url\" content=\"https:\/\/clustag.com\/es\/dosier-as-rs\/\" \/>\n<meta property=\"og:site_name\" content=\"Clustag\" \/>\n<meta property=\"article:modified_time\" content=\"2026-01-02T09:55:52+00:00\" \/>\n<meta property=\"og:image\" content=\"https:\/\/clustag.com\/wp-content\/uploads\/PORTADA-DOWNLOAD.png\" \/>\n\t<meta property=\"og:image:width\" content=\"960\" \/>\n\t<meta property=\"og:image:height\" content=\"720\" \/>\n\t<meta property=\"og:image:type\" content=\"image\/png\" \/>\n<meta name=\"twitter:card\" content=\"summary_large_image\" \/>\n<meta name=\"twitter:label1\" content=\"Tiempo de lectura\" \/>\n\t<meta name=\"twitter:data1\" content=\"1 minuto\" \/>\n<script type=\"application\/ld+json\" class=\"yoast-schema-graph\">{\"@context\":\"https:\\\/\\\/schema.org\",\"@graph\":[{\"@type\":\"WebPage\",\"@id\":\"https:\\\/\\\/clustag.com\\\/es\\\/dosier-as-rs\\\/\",\"url\":\"https:\\\/\\\/clustag.com\\\/es\\\/dosier-as-rs\\\/\",\"name\":\"Dosier AS\\\/ RS - Clustag\",\"isPartOf\":{\"@id\":\"https:\\\/\\\/clustag.com\\\/es\\\/#website\"},\"primaryImageOfPage\":{\"@id\":\"https:\\\/\\\/clustag.com\\\/es\\\/dosier-as-rs\\\/#primaryimage\"},\"image\":{\"@id\":\"https:\\\/\\\/clustag.com\\\/es\\\/dosier-as-rs\\\/#primaryimage\"},\"thumbnailUrl\":\"https:\\\/\\\/clustag.com\\\/wp-content\\\/uploads\\\/PORTADA-DOWNLOAD.png\",\"datePublished\":\"2025-10-14T13:52:27+00:00\",\"dateModified\":\"2026-01-02T09:55:52+00:00\",\"description\":\"Descarga el folleto de AS\\\/RS de Clustag y descubre c\u00f3mo la tecnolog\u00eda RFID mejora la automatizaci\u00f3n del almac\u00e9n, la eficiencia y la precisi\u00f3n del inventario.\",\"breadcrumb\":{\"@id\":\"https:\\\/\\\/clustag.com\\\/es\\\/dosier-as-rs\\\/#breadcrumb\"},\"inLanguage\":\"es\",\"potentialAction\":[{\"@type\":\"ReadAction\",\"target\":[\"https:\\\/\\\/clustag.com\\\/es\\\/dosier-as-rs\\\/\"]}]},{\"@type\":\"ImageObject\",\"inLanguage\":\"es\",\"@id\":\"https:\\\/\\\/clustag.com\\\/es\\\/dosier-as-rs\\\/#primaryimage\",\"url\":\"https:\\\/\\\/clustag.com\\\/wp-content\\\/uploads\\\/PORTADA-DOWNLOAD.png\",\"contentUrl\":\"https:\\\/\\\/clustag.com\\\/wp-content\\\/uploads\\\/PORTADA-DOWNLOAD.png\"},{\"@type\":\"BreadcrumbList\",\"@id\":\"https:\\\/\\\/clustag.com\\\/es\\\/dosier-as-rs\\\/#breadcrumb\",\"itemListElement\":[{\"@type\":\"ListItem\",\"position\":1,\"name\":\"Home\",\"item\":\"https:\\\/\\\/clustag.com\\\/es\\\/\"},{\"@type\":\"ListItem\",\"position\":2,\"name\":\"Dosier de AS\\\/RS\"}]},{\"@type\":\"WebSite\",\"@id\":\"https:\\\/\\\/clustag.com\\\/es\\\/#website\",\"url\":\"https:\\\/\\\/clustag.com\\\/es\\\/\",\"name\":\"Clustag\",\"description\":\"SMART RFID INTRALOGISTICS\",\"publisher\":{\"@id\":\"https:\\\/\\\/clustag.com\\\/es\\\/#organization\"},\"potentialAction\":[{\"@type\":\"SearchAction\",\"target\":{\"@type\":\"EntryPoint\",\"urlTemplate\":\"https:\\\/\\\/clustag.com\\\/es\\\/?s={search_term_string}\"},\"query-input\":{\"@type\":\"PropertyValueSpecification\",\"valueRequired\":true,\"valueName\":\"search_term_string\"}}],\"inLanguage\":\"es\"},{\"@type\":\"Organization\",\"@id\":\"https:\\\/\\\/clustag.com\\\/es\\\/#organization\",\"name\":\"Clustag\",\"url\":\"https:\\\/\\\/clustag.com\\\/es\\\/\",\"logo\":{\"@type\":\"ImageObject\",\"inLanguage\":\"es\",\"@id\":\"https:\\\/\\\/clustag.com\\\/es\\\/#\\\/schema\\\/logo\\\/image\\\/\",\"url\":\"https:\\\/\\\/clustag.com\\\/wp-content\\\/uploads\\\/logo.png\",\"contentUrl\":\"https:\\\/\\\/clustag.com\\\/wp-content\\\/uploads\\\/logo.png\",\"width\":659,\"height\":144,\"caption\":\"Clustag\"},\"image\":{\"@id\":\"https:\\\/\\\/clustag.com\\\/es\\\/#\\\/schema\\\/logo\\\/image\\\/\"},\"sameAs\":[\"https:\\\/\\\/www.linkedin.com\\\/company\\\/clustag-rfid\\\/\"]}]}<\/script>\n<!-- \/ Yoast SEO plugin. -->","yoast_head_json":{"title":"Dosier AS\/ RS - Clustag","description":"Descarga el folleto de AS\/RS de Clustag y descubre c\u00f3mo la tecnolog\u00eda RFID mejora la automatizaci\u00f3n del almac\u00e9n, la eficiencia y la precisi\u00f3n del inventario.","robots":{"index":"index","follow":"follow","max-snippet":"max-snippet:-1","max-image-preview":"max-image-preview:large","max-video-preview":"max-video-preview:-1"},"canonical":"https:\/\/clustag.com\/es\/dosier-as-rs\/","og_locale":"es_ES","og_type":"article","og_title":"Dosier AS\/ RS - Clustag","og_description":"Descarga el folleto de AS\/RS de Clustag y descubre c\u00f3mo la tecnolog\u00eda RFID mejora la automatizaci\u00f3n del almac\u00e9n, la eficiencia y la precisi\u00f3n del inventario.","og_url":"https:\/\/clustag.com\/es\/dosier-as-rs\/","og_site_name":"Clustag","article_modified_time":"2026-01-02T09:55:52+00:00","og_image":[{"width":960,"height":720,"url":"https:\/\/clustag.com\/wp-content\/uploads\/PORTADA-DOWNLOAD.png","type":"image\/png"}],"twitter_card":"summary_large_image","twitter_misc":{"Tiempo de lectura":"1 minuto"},"schema":{"@context":"https:\/\/schema.org","@graph":[{"@type":"WebPage","@id":"https:\/\/clustag.com\/es\/dosier-as-rs\/","url":"https:\/\/clustag.com\/es\/dosier-as-rs\/","name":"Dosier AS\/ RS - Clustag","isPartOf":{"@id":"https:\/\/clustag.com\/es\/#website"},"primaryImageOfPage":{"@id":"https:\/\/clustag.com\/es\/dosier-as-rs\/#primaryimage"},"image":{"@id":"https:\/\/clustag.com\/es\/dosier-as-rs\/#primaryimage"},"thumbnailUrl":"https:\/\/clustag.com\/wp-content\/uploads\/PORTADA-DOWNLOAD.png","datePublished":"2025-10-14T13:52:27+00:00","dateModified":"2026-01-02T09:55:52+00:00","description":"Descarga el folleto de AS\/RS de Clustag y descubre c\u00f3mo la tecnolog\u00eda RFID mejora la automatizaci\u00f3n del almac\u00e9n, la eficiencia y la precisi\u00f3n del inventario.","breadcrumb":{"@id":"https:\/\/clustag.com\/es\/dosier-as-rs\/#breadcrumb"},"inLanguage":"es","potentialAction":[{"@type":"ReadAction","target":["https:\/\/clustag.com\/es\/dosier-as-rs\/"]}]},{"@type":"ImageObject","inLanguage":"es","@id":"https:\/\/clustag.com\/es\/dosier-as-rs\/#primaryimage","url":"https:\/\/clustag.com\/wp-content\/uploads\/PORTADA-DOWNLOAD.png","contentUrl":"https:\/\/clustag.com\/wp-content\/uploads\/PORTADA-DOWNLOAD.png"},{"@type":"BreadcrumbList","@id":"https:\/\/clustag.com\/es\/dosier-as-rs\/#breadcrumb","itemListElement":[{"@type":"ListItem","position":1,"name":"Home","item":"https:\/\/clustag.com\/es\/"},{"@type":"ListItem","position":2,"name":"Dosier de AS\/RS"}]},{"@type":"WebSite","@id":"https:\/\/clustag.com\/es\/#website","url":"https:\/\/clustag.com\/es\/","name":"Clustag","description":"SMART RFID INTRALOGISTICS","publisher":{"@id":"https:\/\/clustag.com\/es\/#organization"},"potentialAction":[{"@type":"SearchAction","target":{"@type":"EntryPoint","urlTemplate":"https:\/\/clustag.com\/es\/?s={search_term_string}"},"query-input":{"@type":"PropertyValueSpecification","valueRequired":true,"valueName":"search_term_string"}}],"inLanguage":"es"},{"@type":"Organization","@id":"https:\/\/clustag.com\/es\/#organization","name":"Clustag","url":"https:\/\/clustag.com\/es\/","logo":{"@type":"ImageObject","inLanguage":"es","@id":"https:\/\/clustag.com\/es\/#\/schema\/logo\/image\/","url":"https:\/\/clustag.com\/wp-content\/uploads\/logo.png","contentUrl":"https:\/\/clustag.com\/wp-content\/uploads\/logo.png","width":659,"height":144,"caption":"Clustag"},"image":{"@id":"https:\/\/clustag.com\/es\/#\/schema\/logo\/image\/"},"sameAs":["https:\/\/www.linkedin.com\/company\/clustag-rfid\/"]}]}},"_links":{"self":[{"href":"https:\/\/clustag.com\/es\/wp-json\/wp\/v2\/pages\/10418","targetHints":{"allow":["GET"]}}],"collection":[{"href":"https:\/\/clustag.com\/es\/wp-json\/wp\/v2\/pages"}],"about":[{"href":"https:\/\/clustag.com\/es\/wp-json\/wp\/v2\/types\/page"}],"author":[{"embeddable":true,"href":"https:\/\/clustag.com\/es\/wp-json\/wp\/v2\/users\/4"}],"replies":[{"embeddable":true,"href":"https:\/\/clustag.com\/es\/wp-json\/wp\/v2\/comments?post=10418"}],"version-history":[{"count":7,"href":"https:\/\/clustag.com\/es\/wp-json\/wp\/v2\/pages\/10418\/revisions"}],"predecessor-version":[{"id":10856,"href":"https:\/\/clustag.com\/es\/wp-json\/wp\/v2\/pages\/10418\/revisions\/10856"}],"wp:attachment":[{"href":"https:\/\/clustag.com\/es\/wp-json\/wp\/v2\/media?parent=10418"}],"curies":[{"name":"wp","href":"https:\/\/api.w.org\/{rel}","templated":true}]}}